{"id":314,"date":"2019-01-14T21:25:02","date_gmt":"2019-01-14T20:25:02","guid":{"rendered":"http:\/\/mezzanines.ch\/?page_id=314"},"modified":"2025-04-03T16:53:18","modified_gmt":"2025-04-03T14:53:18","slug":"das-hochbett-specialist","status":"publish","type":"page","link":"https:\/\/mezzanines.ch\/de\/das-hochbett-specialist\/","title":{"rendered":"Eines Hochbett, auf ihr Leben zugeschnitten"},"content":{"rendered":"<div class=\"wpb-content-wrapper\"><p>[vc_row content_placement=\u00a0\u00bbbottom\u00a0\u00bb parallax=\u00a0\u00bbcontent-moving\u00a0\u00bb parallax_image=\u00a0\u00bb53&Prime; parallax_speed_bg=\u00a0\u00bb3.2&Prime; css=\u00a0\u00bb.vc_custom_1520867305050{padding-top: 265px !important;padding-right: 0px !important;padding-bottom: 265px !important;padding-left: 0px !important;}\u00a0\u00bb el_class=\u00a0\u00bbresponsiveno\u00a0\u00bb][vc_column offset=\u00a0\u00bbvc_col-lg-offset-0 vc_col-lg-12&Prime;][\/vc_column][\/vc_row][vc_row content_placement=\u00a0\u00bbbottom\u00a0\u00bb css=\u00a0\u00bb.vc_custom_1508748025620{padding-top: 0px !important;padding-right: 0px !important;padding-bottom: 0px !important;padding-left: 0px !important;}\u00a0\u00bb el_class=\u00a0\u00bbresponsiveok\u00a0\u00bb][vc_column][vc_video link=\u00a0\u00bbhttps:\/\/vimeo.com\/ohphoto\/review\/347888592\/276d590bc1&Prime; align=\u00a0\u00bbcenter\u00a0\u00bb][\/vc_column][\/vc_row][vc_row][vc_column width=\u00a0\u00bb2\/12&Prime;][\/vc_column][vc_column width=\u00a0\u00bb8\/12&Prime;][vc_empty_space height=\u00a0\u00bb30px\u00a0\u00bb el_class=\u00a0\u00bbpasenresponsive\u00a0\u00bb][vc_column_text]<\/p>\n<h1><strong>Gewinnen Sie Raum, um Ihre Wohnfl\u00e4che zu vergr\u00f6ssern!<\/strong><\/h1>\n<p>&nbsp;<\/p>\n<h2>Lassen Sie Ihre Tr\u00e4ume abheben, indem Sie Ihr Bett anheben!<\/h2>\n<p>&nbsp;<\/p>\n<p>Zwei leidenschaftliche Handwerker reisen durch die ganze Schweiz, um nach Ihren Bed\u00fcrfnissen Hochbetten, Zwischengeschosse, Galerie und Holzplattformen ohne F\u00fc\u00dfe f\u00fcr Kinder und Erwachsene herzustellen.<\/p>\n<h3>Rufen Sie jetzt an, um ein kurzes Gespr\u00e4ch \u00fcber Ihr Projekt zu f\u00fchren! 079 811 46 76 &#8211; <a href=\"mailto:contact@dashochbett.ch\">contact@dashochbett.ch<\/a><\/h3>\n<p>[\/vc_column_text][vc_empty_space height=\u00a0\u00bb30px\u00a0\u00bb el_class=\u00a0\u00bbpasenresponsive\u00a0\u00bb][\/vc_column][vc_column width=\u00a0\u00bb2\/12&Prime;][\/vc_column][\/vc_row][vc_row content_placement=\u00a0\u00bbbottom\u00a0\u00bb parallax=\u00a0\u00bbcontent-moving\u00a0\u00bb parallax_image=\u00a0\u00bb91&Prime; parallax_speed_bg=\u00a0\u00bb3.2&Prime; css=\u00a0\u00bb.vc_custom_1508748093707{padding-top: 300px !important;padding-right: 0px !important;padding-bottom: 250px !important;padding-left: 0px !important;}\u00a0\u00bb el_class=\u00a0\u00bbresponsiveno\u00a0\u00bb][vc_column offset=\u00a0\u00bbvc_col-lg-offset-0 vc_col-lg-12&Prime;][\/vc_column][\/vc_row][vc_row content_placement=\u00a0\u00bbbottom\u00a0\u00bb css=\u00a0\u00bb.vc_custom_1508748025620{padding-top: 0px !important;padding-right: 0px !important;padding-bottom: 0px !important;padding-left: 0px !important;}\u00a0\u00bb el_class=\u00a0\u00bbresponsiveok\u00a0\u00bb][vc_column offset=\u00a0\u00bbvc_col-lg-offset-0 vc_col-lg-12&Prime;][vc_single_image image=\u00a0\u00bb786&Prime; img_size=\u00a0\u00bbfull\u00a0\u00bb alignment=\u00a0\u00bbcenter\u00a0\u00bb][\/vc_column][\/vc_row][vc_row el_class=\u00a0\u00bbmarge-d-g\u00a0\u00bb][vc_column width=\u00a0\u00bb2\/3&Prime;][vc_column_text]<\/p>\n<h3>Olivier Jeannin<\/h3>\n<p>Handwerker \u2013 Fotograf<\/p>\n<h4>Verantwortlich f\u00fcr die deutschsprachige Schweiz<\/h4>\n<p>Olivier Jeannin ist mit dem Herzen Handwerker, schon immer liebte er Materialien, ob nun Silber oder Holz. W\u00e4hrend eines Fotoprojekts in der Bretagne entdeckte er das Arbeiten mit Holz: Mit dem Vater seines Jugendfreunds Isaac, dem Gr\u00fcnder von <a href=\"http:\/\/mezzanines.ch\/\">mezzanines.ch<\/a>, baute er Boote. Sp\u00e4ter kehrte Holz in Form von M\u00f6beln und Wohnausstattungen in Oliviers Leben zur\u00fcck, die er f\u00fcr sich pers\u00f6nlich sowie f\u00fcr Kunden herstellte.<\/p>\n<p>In seiner fotographischen Arbeit fokussiert Olivier Jeannin auf alte Techniken, in denen das Materielle greifbar wird \u2013 und er baut seine eigenen Kameras. Fotografie und Holzarbeit verschmelzen in der Suche nach Balance und Raffinesse, bei der die Materialien der Umgebung mit einbezogen werden.<\/p>\n<p>2018 schliesst sich Olivier dem grossartigen Projekt \u00abmezzanines\u00bb (h\u00e4ngende Hochbetten) seines Jugendfreunds Issac an.<\/p>\n<h3>Isaac Gigon<\/h3>\n<p>Gr\u00fcnder \u2013Handwerker \u2013 Gestalter<\/p>\n<h4>Verantwortlich f\u00fcr die Westschweiz<\/h4>\n<p>Als ausgebildeter Grafikdesigner hat Isaac Gigon schon immer erfolgreich Kreativit\u00e4t und angewandtes technisches Handwerk zusammengebracht. Er ist mit seinem Vater, einem Bootsbauer, auf einem Boot aufgewachsen und erlernte fr\u00fch die Arbeit mit Holz. Seine Leidenschaft f\u00fcr Holz und seine Fertigkeiten wuchsen \u00fcber die Jahre und mit all seinen Erfahrungen.<\/p>\n<p>Mit echtem Unternehmergeist m\u00fcnzte Isaac seine zahlreichen Reisen in erfolgreiche Gesch\u00e4ftsmodelle um. Mit <a href=\"http:\/\/mezzanines.ch\/\">mezzanines.ch<\/a> kehrt er zu seiner gr\u00f6ssten Leidenschaft zur\u00fcck. Geboren aus dem Wunsch nach mehr Platz f\u00fcr seine eigene Familie erf\u00fcllt das Hochbett-Projekt zwei wichtige Bed\u00fcrfnisse: Etwas f\u00fcr andere zu schaffen und massgeschneiderte Holzarbeiten anzufertigen.<\/p>\n<p>&nbsp;<\/p>\n<h3>Was ist <a href=\"http:\/\/dashochbett.ch\">dashochbett.ch<\/a><\/h3>\n<p>Es ist allem voran ein Projekt, das auf das heutige Leben zugeschnitten ist und eine clevere L\u00f6sung f\u00fcr das Bed\u00fcrfnis nach Wohnraum f\u00fcr eine urbane Bev\u00f6lkerung.<\/p>\n<h3>Das Ziel des Projekts<\/h3>\n<p>Das Ziel ist, mit aufgeh\u00e4ngten Hochbetten ohne F\u00fcsse\u00a0Lebensraum zu gewinnen, einfach und nat\u00fcrlich, massgeschneidert auf Ihre Bed\u00fcrfnisse.[\/vc_column_text][\/vc_column][vc_column width=\u00a0\u00bb1\/3&Prime;][vc_empty_space][vc_single_image image=\u00a0\u00bb823&Prime; img_size=\u00a0\u00bbfull\u00a0\u00bb alignment=\u00a0\u00bbcenter\u00a0\u00bb][vc_empty_space][vc_single_image image=\u00a0\u00bb816&Prime; img_size=\u00a0\u00bbfull\u00a0\u00bb alignment=\u00a0\u00bbcenter\u00a0\u00bb][\/vc_column][\/vc_row][vc_row el_class=\u00a0\u00bbmarge-d-g\u00a0\u00bb][vc_column][vc_empty_space height=\u00a0\u00bb70px\u00a0\u00bb el_class=\u00a0\u00bbpasenresponsive\u00a0\u00bb][vc_column_text]<\/p>\n<h2><a href=\"https:\/\/mezzanines.ch\/de\/einzelbett\/\">Einzelbett<\/a><\/h2>\n<p>[\/vc_column_text][vc_masonry_media_grid element_width=\u00a0\u00bb3&Prime; item=\u00a0\u00bbmasonryMedia_BorderedScale\u00a0\u00bb grid_id=\u00a0\u00bbvc_gid:1677860149529-b408cc62-c872-2&Prime; include=\u00a0\u00bb248,906,178,251,252,858,174,700,880,271,703,847,175,177,250,26,480,720&Prime;][vc_column_text]<\/p>\n<h2><a href=\"https:\/\/mezzanines.ch\/de\/doppelbett\/\">Doppelbett<\/a><\/h2>\n<p>[\/vc_column_text][vc_masonry_media_grid element_width=\u00a0\u00bb3&Prime; item=\u00a0\u00bbmasonryMedia_BorderedScale\u00a0\u00bb grid_id=\u00a0\u00bbvc_gid:1677860149557-99ec2474-de81-4&Prime; include=\u00a0\u00bb190,192,191,912,909,198,196,197,189,193,194,195,838,199,201,344,345,338&Prime;][vc_column_text]<\/p>\n<h2><a href=\"https:\/\/mezzanines.ch\/de\/zwischengeschoss\/\">Zwischengeschoss<\/a><\/h2>\n<p>[\/vc_column_text][vc_masonry_media_grid element_width=\u00a0\u00bb3&Prime; item=\u00a0\u00bbmasonryMedia_BorderedScale\u00a0\u00bb grid_id=\u00a0\u00bbvc_gid:1677860149586-194c5536-80ea-8&Prime; include=\u00a0\u00bb867,685,918,838,847,909,912,706,753,900,244,243,245,246,242,205,206,207,208,209,915,210,212&Prime;][\/vc_column][\/vc_row]<\/p>\n<\/div>","protected":false},"excerpt":{"rendered":"<p>[vc_row content_placement=\u00a0\u00bbbottom\u00a0\u00bb parallax=\u00a0\u00bbcontent-moving\u00a0\u00bb parallax_image=\u00a0\u00bb53&Prime; parallax_speed_bg=\u00a0\u00bb3.2&Prime; css=\u00a0\u00bb.vc_custom_1520867305050{padding-top: 265px !important;padding-right: 0px !important;padding-bottom: 265px !important;padding-left: 0px !important;}\u00a0\u00bb el_class=\u00a0\u00bbresponsiveno\u00a0\u00bb][vc_column offset=\u00a0\u00bbvc_col-lg-offset-0 vc_col-lg-12&Prime;][\/vc_column][\/vc_row][vc_row content_placement=\u00a0\u00bbbottom\u00a0\u00bb css=\u00a0\u00bb.vc_custom_1508748025620{padding-top: 0px !important;padding-right: 0px !important;padding-bottom: 0px !important;padding-left: 0px !important;}\u00a0\u00bb el_class=\u00a0\u00bbresponsiveok\u00a0\u00bb][vc_column][vc_video link=\u00a0\u00bbhttps:\/\/vimeo.com\/ohphoto\/review\/347888592\/276d590bc1&Prime; align=\u00a0\u00bbcenter\u00a0\u00bb][\/vc_column][\/vc_row][vc_row][vc_column width=\u00a0\u00bb2\/12&Prime;][\/vc_column][vc_column width=\u00a0\u00bb8\/12&Prime;][vc_empty_space height=\u00a0\u00bb30px\u00a0\u00bb el_class=\u00a0\u00bbpasenresponsive\u00a0\u00bb][vc_column_text] Gewinnen Sie Raum, um Ihre Wohnfl\u00e4che zu vergr\u00f6ssern! &nbsp; Lassen Sie Ihre Tr\u00e4ume abheben, indem Sie Ihr Bett anheben! &nbsp; Zwei [&hellip;]<\/p>\n","protected":false},"author":4,"featured_media":0,"parent":0,"menu_order":0,"comment_status":"closed","ping_status":"closed","template":"","meta":{"footnotes":""},"class_list":["post-314","page","type-page","status-publish","hentry"],"yoast_head":"<!-- This site is optimized with the Yoast SEO plugin v15.4 - https:\/\/yoast.com\/wordpress\/plugins\/seo\/ -->\n<title>Zwischengeschosse, Plattformen und Etagenbetten nach Ma\u00df<\/title>\n<meta name=\"description\" content=\"Wir entwerfen und bauen Ihr pers\u00f6nliches Mezzanin oder H\u00e4ngebett nach Ma\u00df. Ein Mezzanin ist die perfekte L\u00f6sung, um Wohnraum in Ihrem Haus zu schaffen! Elegant und handgefertigt f\u00fcr einen einzigartigen Lebensraum.\" \/>\n<meta name=\"robots\" content=\"index, follow, max-snippet:-1, max-image-preview:large, max-video-preview:-1\" \/>\n<link rel=\"canonical\" href=\"https:\/\/mezzanines.ch\/\" \/>\n<meta property=\"og:locale\" content=\"fr_FR\" \/>\n<meta property=\"og:type\" content=\"article\" \/>\n<meta property=\"og:title\" content=\"Zwischengeschosse, Plattformen und Etagenbetten nach Ma\u00df\" \/>\n<meta property=\"og:description\" content=\"Wir entwerfen und bauen Ihr pers\u00f6nliches Mezzanin oder H\u00e4ngebett nach Ma\u00df. Ein Mezzanin ist die perfekte L\u00f6sung, um Wohnraum in Ihrem Haus zu schaffen! Elegant und handgefertigt f\u00fcr einen einzigartigen Lebensraum.\" \/>\n<meta property=\"og:url\" content=\"https:\/\/mezzanines.ch\/de\/\" \/>\n<meta property=\"og:site_name\" content=\"mezzanines.ch - UNE MEZZANINE SUR MESURE ADAPT\u00c9E \u00c0 VOTRE ESPACE.\" \/>\n<meta property=\"article:modified_time\" content=\"2025-04-03T14:53:18+00:00\" \/>\n<meta name=\"twitter:card\" content=\"summary_large_image\" \/>\n<meta name=\"twitter:label1\" content=\"\u00c9crit par\">\n\t<meta name=\"twitter:data1\" content=\"Olivier Jeannin\">\n\t<meta name=\"twitter:label2\" content=\"Dur\u00e9e de lecture est.\">\n\t<meta name=\"twitter:data2\" content=\"3 minutes\">\n<script type=\"application\/ld+json\" class=\"yoast-schema-graph\">{\"@context\":\"https:\/\/schema.org\",\"@graph\":[{\"@type\":\"Organization\",\"@id\":\"https:\/\/mezzanines.ch\/#organization\",\"name\":\"mezzanines.ch\",\"url\":\"https:\/\/mezzanines.ch\/\",\"sameAs\":[],\"logo\":{\"@type\":\"ImageObject\",\"@id\":\"https:\/\/mezzanines.ch\/#logo\",\"inLanguage\":\"fr-FR\",\"url\":\"https:\/\/mezzanines.ch\/wp-content\/uploads\/2019\/01\/favicon_Mezzanine.png\",\"width\":512,\"height\":512,\"caption\":\"mezzanines.ch\"},\"image\":{\"@id\":\"https:\/\/mezzanines.ch\/#logo\"}},{\"@type\":\"WebSite\",\"@id\":\"https:\/\/mezzanines.ch\/#website\",\"url\":\"https:\/\/mezzanines.ch\/\",\"name\":\"mezzanines.ch - UNE MEZZANINE SUR MESURE ADAPT\\u00c9E \\u00c0 VOTRE ESPACE.\",\"description\":\"Pour un gain de place au sol, mais aussi pour que vos r\\u00eaves prennent de la hauteur.\",\"publisher\":{\"@id\":\"https:\/\/mezzanines.ch\/#organization\"},\"potentialAction\":[{\"@type\":\"SearchAction\",\"target\":\"https:\/\/mezzanines.ch\/?s={search_term_string}\",\"query-input\":\"required name=search_term_string\"}],\"inLanguage\":\"fr-FR\"},{\"@type\":\"WebPage\",\"@id\":\"https:\/\/mezzanines.ch\/de\/#webpage\",\"url\":\"https:\/\/mezzanines.ch\/de\/\",\"name\":\"Zwischengeschosse, Plattformen und Etagenbetten nach Ma\\u00df\",\"isPartOf\":{\"@id\":\"https:\/\/mezzanines.ch\/#website\"},\"datePublished\":\"2019-01-14T20:25:02+00:00\",\"dateModified\":\"2025-04-03T14:53:18+00:00\",\"description\":\"Wir entwerfen und bauen Ihr pers\\u00f6nliches Mezzanin oder H\\u00e4ngebett nach Ma\\u00df. Ein Mezzanin ist die perfekte L\\u00f6sung, um Wohnraum in Ihrem Haus zu schaffen! Elegant und handgefertigt f\\u00fcr einen einzigartigen Lebensraum.\",\"inLanguage\":\"fr-FR\",\"potentialAction\":[{\"@type\":\"ReadAction\",\"target\":[\"https:\/\/mezzanines.ch\/de\/\"]}]}]}<\/script>\n<!-- \/ Yoast SEO plugin. -->","_links":{"self":[{"href":"https:\/\/mezzanines.ch\/de\/wp-json\/wp\/v2\/pages\/314\/"}],"collection":[{"href":"https:\/\/mezzanines.ch\/de\/wp-json\/wp\/v2\/pages\/"}],"about":[{"href":"https:\/\/mezzanines.ch\/de\/wp-json\/wp\/v2\/types\/page\/"}],"author":[{"embeddable":true,"href":"https:\/\/mezzanines.ch\/de\/wp-json\/wp\/v2\/users\/4\/"}],"replies":[{"embeddable":true,"href":"https:\/\/mezzanines.ch\/de\/wp-json\/wp\/v2\/comments\/?post=314"}],"version-history":[{"count":30,"href":"https:\/\/mezzanines.ch\/de\/wp-json\/wp\/v2\/pages\/314\/revisions\/"}],"predecessor-version":[{"id":958,"href":"https:\/\/mezzanines.ch\/de\/wp-json\/wp\/v2\/pages\/314\/revisions\/958\/"}],"wp:attachment":[{"href":"https:\/\/mezzanines.ch\/de\/wp-json\/wp\/v2\/media\/?parent=314"}],"curies":[{"name":"wp","href":"https:\/\/api.w.org\/{rel}","templated":true}]}}