{"id":485,"date":"2019-01-14T22:04:24","date_gmt":"2019-01-14T21:04:24","guid":{"rendered":"http:\/\/mezzanines.ch\/?page_id=485"},"modified":"2025-04-03T16:55:10","modified_gmt":"2025-04-03T14:55:10","slug":"zwischengeschoss","status":"publish","type":"page","link":"https:\/\/mezzanines.ch\/de\/zwischengeschoss\/","title":{"rendered":"Zwischengeschoss"},"content":{"rendered":"<div class=\"wpb-content-wrapper\"><p>[vc_row content_placement=\u00a0\u00bbbottom\u00a0\u00bb parallax=\u00a0\u00bbcontent-moving\u00a0\u00bb parallax_image=\u00a0\u00bb288&Prime; parallax_speed_bg=\u00a0\u00bb3.2&Prime; css=\u00a0\u00bb.vc_custom_1521543697750{padding-top: 265px !important;padding-right: 0px !important;padding-bottom: 265px !important;padding-left: 0px !important;}\u00a0\u00bb el_class=\u00a0\u00bbresponsiveno\u00a0\u00bb][vc_column offset=\u00a0\u00bbvc_col-lg-offset-0 vc_col-lg-12&Prime;][\/vc_column][\/vc_row][vc_row content_placement=\u00a0\u00bbbottom\u00a0\u00bb css=\u00a0\u00bb.vc_custom_1508748025620{padding-top: 0px !important;padding-right: 0px !important;padding-bottom: 0px !important;padding-left: 0px !important;}\u00a0\u00bb el_class=\u00a0\u00bbresponsiveok\u00a0\u00bb][vc_column offset=\u00a0\u00bbvc_col-lg-offset-0 vc_col-lg-12&Prime;][vc_single_image image=\u00a0\u00bb288&Prime; img_size=\u00a0\u00bbfull\u00a0\u00bb alignment=\u00a0\u00bbcenter\u00a0\u00bb][\/vc_column][\/vc_row][vc_row][vc_column width=\u00a0\u00bb2\/12&Prime;][\/vc_column][vc_column width=\u00a0\u00bb8\/12&Prime;][vc_empty_space height=\u00a0\u00bb30px\u00a0\u00bb][vc_column_text]<\/p>\n<h2 class=\"styleh1\">Mezzanine-Zwischengeschoss: Ein zus\u00e4tzliches Stockwerk f\u00fcr mehr Wohnraum<\/h2>\n<p>Das Mezzanine-Zwischengeschoss erlaubt verschiedene Nutzungen: Ideal beispielsweise als B\u00fcro oder als Spielzimmer, da es ein zus\u00e4tzliches Stockwerk darstellt.<\/p>\n<p>Die Preise f\u00fcr Plattformen k\u00f6nnen je nach Gr\u00f6\u00dfe, Komplexit\u00e4t und gew\u00e4hlten Optionen variieren.<\/p>\n<h4>Plattformen ab 500 CHF pro m2.<\/h4>\n<p>Die Richtpreise beinhalten (Kostenvoranschlag &#8211; Herstellung &#8211; Montage). Optionen wie Anstriche, Spots und spezielle Barrieren sind nicht inbegriffen.[\/vc_column_text][vc_empty_space height=\u00a0\u00bb30px\u00a0\u00bb][\/vc_column][vc_column width=\u00a0\u00bb2\/12&Prime;][\/vc_column][\/vc_row][vc_row content_placement=\u00a0\u00bbbottom\u00a0\u00bb parallax=\u00a0\u00bbcontent-moving\u00a0\u00bb parallax_image=\u00a0\u00bb167&Prime; parallax_speed_bg=\u00a0\u00bb3.2&Prime; css=\u00a0\u00bb.vc_custom_1521543542612{padding-top: 265px !important;padding-right: 0px !important;padding-bottom: 265px !important;padding-left: 0px !important;}\u00a0\u00bb el_class=\u00a0\u00bbresponsiveno\u00a0\u00bb][vc_column offset=\u00a0\u00bbvc_col-lg-offset-0 vc_col-lg-12&Prime;][\/vc_column][\/vc_row][vc_row content_placement=\u00a0\u00bbbottom\u00a0\u00bb css=\u00a0\u00bb.vc_custom_1508748025620{padding-top: 0px !important;padding-right: 0px !important;padding-bottom: 0px !important;padding-left: 0px !important;}\u00a0\u00bb el_class=\u00a0\u00bbresponsiveok\u00a0\u00bb][vc_column offset=\u00a0\u00bbvc_col-lg-offset-0 vc_col-lg-12&Prime;][vc_single_image image=\u00a0\u00bb167&Prime; img_size=\u00a0\u00bbfull\u00a0\u00bb alignment=\u00a0\u00bbcenter\u00a0\u00bb][\/vc_column][\/vc_row][vc_row][vc_column width=\u00a0\u00bb2\/12&Prime;][\/vc_column][vc_column width=\u00a0\u00bb8\/12&Prime;][vc_empty_space height=\u00a0\u00bb30px\u00a0\u00bb][vc_column_text]<\/p>\n<h2 class=\"styleh1\"><\/h2>\n<h2>EXTRAS: OPTIONALE AUSSTATTUNGEN F\u00dcR IHRES\u00a0ZWISCHENGESCHOSS<\/h2>\n<ul>\n<li>B\u00fccherregale, seitlich oder am Kopfende<\/li>\n<li>Traditionelle Leiter, Japanische Leiter oder \u00abMiller-Treppe\u00bb<\/li>\n<li>Deckende Farbe oder transparente Farbe, mit der die Holzfaserung sichtbar bleibt<\/li>\n<li>LED-Spots an der Unterseite des Hochbetts<\/li>\n<li>Verkleidung der Unterseite, deckt den Lattenrost ab und fasst die LED-Spots ein<\/li>\n<li>Stromanschluss auf dem Hochbett<\/li>\n<li>Gel\u00e4nder aus Stahlseil, aus gespanntem Seil oder aus Holz<\/li>\n<li>Treppengel\u00e4nder aus rostfreiem Stahl<\/li>\n<li>Vertikale Holzzapfenbarriere aus Holz<\/li>\n<li>Absperrungen aus gestrecktem Kabel und Handlauf aus geb\u00fcrstetem Edelstahl.<\/li>\n<li>Gespannte Seilbarrieren.<\/li>\n<li>Vertikale Holzverkleidungen Barrieren[\/vc_column_text][vc_empty_space height=\u00a0\u00bb30px\u00a0\u00bb][\/vc_column][vc_column width=\u00a0\u00bb2\/12&Prime;][\/vc_column][\/vc_row][vc_row][vc_column][vc_column_text]<\/li>\n<\/ul>\n<p>[\/vc_column_text][\/vc_column][\/vc_row][vc_row][vc_column][vc_masonry_media_grid element_width=\u00a0\u00bb3&Prime; item=\u00a0\u00bbmasonryMedia_BorderedScale\u00a0\u00bb grid_id=\u00a0\u00bbvc_gid:1677860338346-f4a552e7ca50ca90049791b534ea13a2-7&Prime; include=\u00a0\u00bb245,243,190,192,191,900,909,912,246,242,251,252,918,838,841,205,207,206,247,212,210,211,209,208&Prime;][\/vc_column][\/vc_row]<\/p>\n<\/div>","protected":false},"excerpt":{"rendered":"<p>[vc_row content_placement=\u00a0\u00bbbottom\u00a0\u00bb parallax=\u00a0\u00bbcontent-moving\u00a0\u00bb parallax_image=\u00a0\u00bb288&Prime; parallax_speed_bg=\u00a0\u00bb3.2&Prime; css=\u00a0\u00bb.vc_custom_1521543697750{padding-top: 265px !important;padding-right: 0px !important;padding-bottom: 265px !important;padding-left: 0px !important;}\u00a0\u00bb el_class=\u00a0\u00bbresponsiveno\u00a0\u00bb][vc_column offset=\u00a0\u00bbvc_col-lg-offset-0 vc_col-lg-12&Prime;][\/vc_column][\/vc_row][vc_row content_placement=\u00a0\u00bbbottom\u00a0\u00bb css=\u00a0\u00bb.vc_custom_1508748025620{padding-top: 0px !important;padding-right: 0px !important;padding-bottom: 0px !important;padding-left: 0px !important;}\u00a0\u00bb el_class=\u00a0\u00bbresponsiveok\u00a0\u00bb][vc_column offset=\u00a0\u00bbvc_col-lg-offset-0 vc_col-lg-12&Prime;][vc_single_image image=\u00a0\u00bb288&Prime; img_size=\u00a0\u00bbfull\u00a0\u00bb alignment=\u00a0\u00bbcenter\u00a0\u00bb][\/vc_column][\/vc_row][vc_row][vc_column width=\u00a0\u00bb2\/12&Prime;][\/vc_column][vc_column width=\u00a0\u00bb8\/12&Prime;][vc_empty_space height=\u00a0\u00bb30px\u00a0\u00bb][vc_column_text] Mezzanine-Zwischengeschoss: Ein zus\u00e4tzliches Stockwerk f\u00fcr mehr Wohnraum Das Mezzanine-Zwischengeschoss erlaubt verschiedene Nutzungen: Ideal beispielsweise als B\u00fcro oder als Spielzimmer, [&hellip;]<\/p>\n","protected":false},"author":4,"featured_media":0,"parent":0,"menu_order":0,"comment_status":"closed","ping_status":"closed","template":"","meta":{"footnotes":""},"class_list":["post-485","page","type-page","status-publish","hentry"],"yoast_head":"<!-- This site is optimized with the Yoast SEO plugin v15.4 - https:\/\/yoast.com\/wordpress\/plugins\/seo\/ -->\n<title>chengeschoss oder Plattformen f\u00fcr zus\u00e4tzlichen Lebensraum<\/title>\n<meta name=\"description\" content=\"Ein Zwischengeschoss oder eine Plattform er\u00f6ffnet neuen Raum in Ihrem Zuhause. Ob zum Schlafen, Arbeiten oder einfach als zus\u00e4tzlicher Raum, der zus\u00e4tzliche Wohnraum ist auf dem heutigen engen Wohnungsmarkt von unsch\u00e4tzbarem Wert.\" \/>\n<meta name=\"robots\" content=\"index, follow, max-snippet:-1, max-image-preview:large, max-video-preview:-1\" \/>\n<link rel=\"canonical\" href=\"https:\/\/mezzanines.ch\/zwischengeschoss\/\" \/>\n<meta property=\"og:locale\" content=\"fr_FR\" \/>\n<meta property=\"og:type\" content=\"article\" \/>\n<meta property=\"og:title\" content=\"chengeschoss oder Plattformen f\u00fcr zus\u00e4tzlichen Lebensraum\" \/>\n<meta property=\"og:description\" content=\"Ein Zwischengeschoss oder eine Plattform er\u00f6ffnet neuen Raum in Ihrem Zuhause. Ob zum Schlafen, Arbeiten oder einfach als zus\u00e4tzlicher Raum, der zus\u00e4tzliche Wohnraum ist auf dem heutigen engen Wohnungsmarkt von unsch\u00e4tzbarem Wert.\" \/>\n<meta property=\"og:url\" content=\"https:\/\/mezzanines.ch\/de\/zwischengeschoss\/\" \/>\n<meta property=\"og:site_name\" content=\"mezzanines.ch - UNE MEZZANINE SUR MESURE ADAPT\u00c9E \u00c0 VOTRE ESPACE.\" \/>\n<meta property=\"article:modified_time\" content=\"2025-04-03T14:55:10+00:00\" \/>\n<meta name=\"twitter:card\" content=\"summary_large_image\" \/>\n<meta name=\"twitter:label1\" content=\"\u00c9crit par\">\n\t<meta name=\"twitter:data1\" content=\"Olivier Jeannin\">\n\t<meta name=\"twitter:label2\" content=\"Dur\u00e9e de lecture est.\">\n\t<meta name=\"twitter:data2\" content=\"2 minutes\">\n<script type=\"application\/ld+json\" class=\"yoast-schema-graph\">{\"@context\":\"https:\/\/schema.org\",\"@graph\":[{\"@type\":\"Organization\",\"@id\":\"https:\/\/mezzanines.ch\/#organization\",\"name\":\"mezzanines.ch\",\"url\":\"https:\/\/mezzanines.ch\/\",\"sameAs\":[],\"logo\":{\"@type\":\"ImageObject\",\"@id\":\"https:\/\/mezzanines.ch\/#logo\",\"inLanguage\":\"fr-FR\",\"url\":\"https:\/\/mezzanines.ch\/wp-content\/uploads\/2019\/01\/favicon_Mezzanine.png\",\"width\":512,\"height\":512,\"caption\":\"mezzanines.ch\"},\"image\":{\"@id\":\"https:\/\/mezzanines.ch\/#logo\"}},{\"@type\":\"WebSite\",\"@id\":\"https:\/\/mezzanines.ch\/#website\",\"url\":\"https:\/\/mezzanines.ch\/\",\"name\":\"mezzanines.ch - UNE MEZZANINE SUR MESURE ADAPT\\u00c9E \\u00c0 VOTRE ESPACE.\",\"description\":\"Pour un gain de place au sol, mais aussi pour que vos r\\u00eaves prennent de la hauteur.\",\"publisher\":{\"@id\":\"https:\/\/mezzanines.ch\/#organization\"},\"potentialAction\":[{\"@type\":\"SearchAction\",\"target\":\"https:\/\/mezzanines.ch\/?s={search_term_string}\",\"query-input\":\"required name=search_term_string\"}],\"inLanguage\":\"fr-FR\"},{\"@type\":\"WebPage\",\"@id\":\"https:\/\/mezzanines.ch\/de\/zwischengeschoss\/#webpage\",\"url\":\"https:\/\/mezzanines.ch\/de\/zwischengeschoss\/\",\"name\":\"chengeschoss oder Plattformen f\\u00fcr zus\\u00e4tzlichen Lebensraum\",\"isPartOf\":{\"@id\":\"https:\/\/mezzanines.ch\/#website\"},\"datePublished\":\"2019-01-14T21:04:24+00:00\",\"dateModified\":\"2025-04-03T14:55:10+00:00\",\"description\":\"Ein Zwischengeschoss oder eine Plattform er\\u00f6ffnet neuen Raum in Ihrem Zuhause. Ob zum Schlafen, Arbeiten oder einfach als zus\\u00e4tzlicher Raum, der zus\\u00e4tzliche Wohnraum ist auf dem heutigen engen Wohnungsmarkt von unsch\\u00e4tzbarem Wert.\",\"inLanguage\":\"fr-FR\",\"potentialAction\":[{\"@type\":\"ReadAction\",\"target\":[\"https:\/\/mezzanines.ch\/de\/zwischengeschoss\/\"]}]}]}<\/script>\n<!-- \/ Yoast SEO plugin. -->","_links":{"self":[{"href":"https:\/\/mezzanines.ch\/de\/wp-json\/wp\/v2\/pages\/485\/"}],"collection":[{"href":"https:\/\/mezzanines.ch\/de\/wp-json\/wp\/v2\/pages\/"}],"about":[{"href":"https:\/\/mezzanines.ch\/de\/wp-json\/wp\/v2\/types\/page\/"}],"author":[{"embeddable":true,"href":"https:\/\/mezzanines.ch\/de\/wp-json\/wp\/v2\/users\/4\/"}],"replies":[{"embeddable":true,"href":"https:\/\/mezzanines.ch\/de\/wp-json\/wp\/v2\/comments\/?post=485"}],"version-history":[{"count":10,"href":"https:\/\/mezzanines.ch\/de\/wp-json\/wp\/v2\/pages\/485\/revisions\/"}],"predecessor-version":[{"id":960,"href":"https:\/\/mezzanines.ch\/de\/wp-json\/wp\/v2\/pages\/485\/revisions\/960\/"}],"wp:attachment":[{"href":"https:\/\/mezzanines.ch\/de\/wp-json\/wp\/v2\/media\/?parent=485"}],"curies":[{"name":"wp","href":"https:\/\/api.w.org\/{rel}","templated":true}]}}