{"id":543,"date":"2019-01-28T10:19:27","date_gmt":"2019-01-28T09:19:27","guid":{"rendered":"http:\/\/mezzanines.ch\/?page_id=543"},"modified":"2025-04-03T16:55:35","modified_gmt":"2025-04-03T14:55:35","slug":"kontakt-de","status":"publish","type":"page","link":"https:\/\/mezzanines.ch\/de\/kontakt-de\/","title":{"rendered":"Kontakt"},"content":{"rendered":"<div class=\"wpb-content-wrapper\"><p>[vc_row][vc_column width=\u00a0\u00bb1\/12&Prime;][\/vc_column][vc_column width=\u00a0\u00bb10\/12&Prime;][vc_column_text]<\/p>\n<h1>Kontakt<\/h1>\n<p>Kontaktieren Sie uns, um zu besprechen, wie wir Ihnen bei der Realisierung Ihres Projekts helfen k\u00f6nnen.<\/p>\n<p>Um so effizient wie m\u00f6glich zu sein, empfehlen wir Ihnen, einige Informationen vorher vorzubereiten! Daher sollten Sie \u00fcber die Ma\u00dfe Ihres Raumes (H\u00f6he, Breite und L\u00e4nge) sowie die Zusammensetzung der Wand (Beton, Ziegel, Gipskarton) verf\u00fcgen. Nat\u00fcrlich w\u00e4ren einige Bilder noch besser, aber es kann sp\u00e4ter kommen:-)[\/vc_column_text][\/vc_column][vc_column width=\u00a0\u00bb1\/12&Prime;][\/vc_column][\/vc_row][vc_row][vc_column width=\u00a0\u00bb1\/12&Prime;][\/vc_column][vc_column width=\u00a0\u00bb10\/12&Prime;][vc_column_text]<div class=\"frm_forms  with_frm_style frm_style_style-formidable\" id=\"frm_form_7_container\" >\n<form enctype=\"multipart\/form-data\" method=\"post\" class=\"frm-show-form  frm_pro_form \" id=\"form_contact2\"  >\n<div class=\"frm_form_fields \">\n<fieldset>\n<legend class=\"frm_screen_reader\">Kontakt<\/legend>\r\n\r\n<div class=\"frm_fields_container\">\n<input type=\"hidden\" name=\"frm_action\" value=\"create\" \/>\n<input type=\"hidden\" name=\"form_id\" value=\"7\" \/>\n<input type=\"hidden\" name=\"frm_hide_fields_7\" id=\"frm_hide_fields_7\" value=\"\" \/>\n<input type=\"hidden\" name=\"form_key\" value=\"contact2\" \/>\n<input type=\"hidden\" name=\"item_meta[0]\" value=\"\" \/>\n<input type=\"hidden\" id=\"frm_submit_entry_7\" name=\"frm_submit_entry_7\" value=\"6fa73743b5\" \/><input type=\"hidden\" name=\"_wp_http_referer\" value=\"\/de\/wp-json\/wp\/v2\/pages\/543\/\" \/><div id=\"frm_field_67_container\" class=\"frm_form_field form-field  frm_required_field frm_top_container frm_first frm_half\">\r\n    <label for=\"field_qh4icy3\" class=\"frm_primary_label\">Name\r\n        <span class=\"frm_required\"><\/span>\r\n    <\/label>\r\n    <input type=\"text\" id=\"field_qh4icy3\" name=\"item_meta[67]\" value=\"\"  data-reqmsg=\"Ce champ ne peut pas \u00eatre vide\" aria-required=\"true\" data-invmsg=\"Name est non valide\" aria-invalid=\"false\"   aria-describedby=\"frm_desc_field_qh4icy3\"\/>\r\n    <div class=\"frm_description\" id=\"frm_desc_field_qh4icy3\">First<\/div>\r\n    \r\n<\/div>\n<div id=\"frm_field_68_container\" class=\"frm_form_field form-field  frm_required_field frm_hidden_container frm_half\">\r\n    <label for=\"field_ocfup13\" class=\"frm_primary_label\">Last\r\n        <span class=\"frm_required\"><\/span>\r\n    <\/label>\r\n    <input type=\"text\" id=\"field_ocfup13\" name=\"item_meta[68]\" value=\"\"  data-reqmsg=\"Ce champ ne peut pas \u00eatre vide\" aria-required=\"true\" data-invmsg=\"Last est non valide\" aria-invalid=\"false\"   aria-describedby=\"frm_desc_field_ocfup13\"\/>\r\n    <div class=\"frm_description\" id=\"frm_desc_field_ocfup13\">Last<\/div>\r\n    \r\n<\/div>\n<div id=\"frm_field_69_container\" class=\"frm_form_field form-field  frm_required_field frm_top_container frm_full\">\r\n    <label for=\"field_29yf4d3\" class=\"frm_primary_label\">Email\r\n        <span class=\"frm_required\"><\/span>\r\n    <\/label>\r\n    <input type=\"email\" id=\"field_29yf4d3\" name=\"item_meta[69]\" value=\"\"  data-reqmsg=\"Ce champ ne peut pas \u00eatre vide\" aria-required=\"true\" data-invmsg=\"Please enter a valid email address\" aria-invalid=\"false\"  \/>\r\n    \r\n    \r\n<\/div>\n<div id=\"frm_field_71_container\" class=\"frm_form_field form-field  frm_required_field frm_top_container\">\r\n    <label for=\"field_a0eup\" class=\"frm_primary_label\">Phone\r\n        <span class=\"frm_required\">*<\/span>\r\n    <\/label>\r\n    <input type=\"tel\" id=\"field_a0eup\" name=\"item_meta[71]\" value=\"\"  data-reqmsg=\"Ce champ ne peut pas \u00eatre vide\" aria-required=\"true\" data-invmsg=\"Phone est non valide\" aria-invalid=\"false\" pattern=\"((\\+\\d{1,3}(-|.| )?\\(?\\d\\)?(-| |.)?\\d{1,5})|(\\(?\\d{2,6}\\)?))(-|.| )?(\\d{3,4})(-|.| )?(\\d{4})(( x| ext)\\d{1,5}){0,1}$\"  \/>\r\n    \r\n    \r\n<\/div>\n<div id=\"frm_field_85_container\" class=\"frm_form_field form-field  frm_required_field frm_top_container\">\n    <label for=\"field_jyl1p\" id=\"field_jyl1p_label\" class=\"frm_primary_label\">Address\n        <span class=\"frm_required\">*<\/span>\n    <\/label>\n    <input type=\"text\" id=\"field_jyl1p\" name=\"item_meta[85]\" value=\"\"  data-reqmsg=\"Ce champ ne peut pas \u00eatre vide\" aria-required=\"true\" data-invmsg=\"texte est non valide\" aria-invalid=\"false\"  \/>\n    \n    \n<\/div>\n<div id=\"frm_field_70_container\" class=\"frm_form_field form-field  frm_required_field frm_top_container frm_full\">\r\n    <label for=\"field_9jv0r13\" class=\"frm_primary_label\">Message\r\n        <span class=\"frm_required\"><\/span>\r\n    <\/label>\r\n    <textarea name=\"item_meta[70]\" id=\"field_9jv0r13\" rows=\"5\"  data-reqmsg=\"Ce champ ne peut pas \u00eatre vide\" aria-required=\"true\" data-invmsg=\"Message est non valide\" aria-invalid=\"false\"  ><\/textarea>\r\n    \r\n    \r\n<\/div>\n<div id=\"frm_field_72_container\" class=\"frm_form_field form-field  frm_none_container\">\r\n    <label  class=\"frm_primary_label\">reCAPTCHA\r\n        <span class=\"frm_required\"><\/span>\r\n    <\/label>\r\n    <div id=\"field_z87t7\" class=\"g-recaptcha\" data-sitekey=\"6Lc-Oo0UAAAAAL-9CgzAw_oVsIkEWEWL9vo7Gnu6\" data-size=\"normal\" data-theme=\"light\"><\/div>\r\n    \r\n    \r\n<\/div>\n<input type=\"hidden\" name=\"item_key\" value=\"\" \/>\n\t<div class=\"frm_submit\">\r\n\r\n<button class=\"frm_button_submit frm_final_submit\" type=\"submit\"   formnovalidate=\"formnovalidate\">Envoyer<\/button>\r\n\r\n<\/div><div class=\"frm_verify\" aria-hidden=\"true\">\n\t<label for=\"frm_verify_7\">\n\t\tSi vous \u00eates un humain, ne remplissez pas ce champ.\t<\/label>\n\t<input type=\"text\" class=\"frm_verify\" id=\"frm_verify_7\" name=\"frm_verify\" value=\"\"  \/>\n<\/div>\n<\/div>\n<\/fieldset>\n<\/div>\n<\/form>\n<\/div>\n[\/vc_column_text][\/vc_column][vc_column width=\u00a0\u00bb1\/12&Prime;][\/vc_column][\/vc_row]<\/p>\n<\/div>","protected":false},"excerpt":{"rendered":"<p>[vc_row][vc_column width=\u00a0\u00bb1\/12&Prime;][\/vc_column][vc_column width=\u00a0\u00bb10\/12&Prime;][vc_column_text] Kontakt Kontaktieren Sie uns, um zu besprechen, wie wir Ihnen bei der Realisierung Ihres Projekts helfen k\u00f6nnen. Um so effizient wie m\u00f6glich zu sein, empfehlen wir Ihnen, einige Informationen vorher vorzubereiten! Daher sollten Sie \u00fcber die Ma\u00dfe Ihres Raumes (H\u00f6he, Breite und L\u00e4nge) sowie die Zusammensetzung der Wand (Beton, Ziegel, Gipskarton) verf\u00fcgen. [&hellip;]<\/p>\n","protected":false},"author":1,"featured_media":0,"parent":0,"menu_order":0,"comment_status":"closed","ping_status":"closed","template":"","meta":{"footnotes":""},"class_list":["post-543","page","type-page","status-publish","hentry"],"yoast_head":"<!-- This site is optimized with the Yoast SEO plugin v15.4 - https:\/\/yoast.com\/wordpress\/plugins\/seo\/ -->\n<title>Kontaktieren Sie uns f\u00fcr Ihr Zwischengeschoss-Projekt<\/title>\n<meta name=\"description\" content=\"Setzen Sie sich mit uns in Verbindung, um Ihr Projekt zu besprechen.\" \/>\n<meta name=\"robots\" content=\"index, follow, max-snippet:-1, max-image-preview:large, max-video-preview:-1\" \/>\n<link rel=\"canonical\" href=\"https:\/\/mezzanines.ch\/kontakt-de\/\" \/>\n<meta property=\"og:locale\" content=\"fr_FR\" \/>\n<meta property=\"og:type\" content=\"article\" \/>\n<meta property=\"og:title\" content=\"Kontaktieren Sie uns f\u00fcr Ihr Zwischengeschoss-Projekt\" \/>\n<meta property=\"og:description\" content=\"Setzen Sie sich mit uns in Verbindung, um Ihr Projekt zu besprechen.\" \/>\n<meta property=\"og:url\" content=\"https:\/\/mezzanines.ch\/de\/kontakt-de\/\" \/>\n<meta property=\"og:site_name\" content=\"mezzanines.ch - UNE MEZZANINE SUR MESURE ADAPT\u00c9E \u00c0 VOTRE ESPACE.\" \/>\n<meta property=\"article:modified_time\" content=\"2025-04-03T14:55:35+00:00\" \/>\n<meta name=\"twitter:card\" content=\"summary_large_image\" \/>\n<meta name=\"twitter:label1\" content=\"\u00c9crit par\">\n\t<meta name=\"twitter:data1\" content=\"stephane\">\n\t<meta name=\"twitter:label2\" content=\"Dur\u00e9e de lecture est.\">\n\t<meta name=\"twitter:data2\" content=\"1 minute\">\n<script type=\"application\/ld+json\" class=\"yoast-schema-graph\">{\"@context\":\"https:\/\/schema.org\",\"@graph\":[{\"@type\":\"Organization\",\"@id\":\"https:\/\/mezzanines.ch\/#organization\",\"name\":\"mezzanines.ch\",\"url\":\"https:\/\/mezzanines.ch\/\",\"sameAs\":[],\"logo\":{\"@type\":\"ImageObject\",\"@id\":\"https:\/\/mezzanines.ch\/#logo\",\"inLanguage\":\"fr-FR\",\"url\":\"https:\/\/mezzanines.ch\/wp-content\/uploads\/2019\/01\/favicon_Mezzanine.png\",\"width\":512,\"height\":512,\"caption\":\"mezzanines.ch\"},\"image\":{\"@id\":\"https:\/\/mezzanines.ch\/#logo\"}},{\"@type\":\"WebSite\",\"@id\":\"https:\/\/mezzanines.ch\/#website\",\"url\":\"https:\/\/mezzanines.ch\/\",\"name\":\"mezzanines.ch - UNE MEZZANINE SUR MESURE ADAPT\\u00c9E \\u00c0 VOTRE ESPACE.\",\"description\":\"Pour un gain de place au sol, mais aussi pour que vos r\\u00eaves prennent de la hauteur.\",\"publisher\":{\"@id\":\"https:\/\/mezzanines.ch\/#organization\"},\"potentialAction\":[{\"@type\":\"SearchAction\",\"target\":\"https:\/\/mezzanines.ch\/?s={search_term_string}\",\"query-input\":\"required name=search_term_string\"}],\"inLanguage\":\"fr-FR\"},{\"@type\":\"WebPage\",\"@id\":\"https:\/\/mezzanines.ch\/de\/kontakt-de\/#webpage\",\"url\":\"https:\/\/mezzanines.ch\/de\/kontakt-de\/\",\"name\":\"Kontaktieren Sie uns f\\u00fcr Ihr Zwischengeschoss-Projekt\",\"isPartOf\":{\"@id\":\"https:\/\/mezzanines.ch\/#website\"},\"datePublished\":\"2019-01-28T09:19:27+00:00\",\"dateModified\":\"2025-04-03T14:55:35+00:00\",\"description\":\"Setzen Sie sich mit uns in Verbindung, um Ihr Projekt zu besprechen.\",\"inLanguage\":\"fr-FR\",\"potentialAction\":[{\"@type\":\"ReadAction\",\"target\":[\"https:\/\/mezzanines.ch\/de\/kontakt-de\/\"]}]}]}<\/script>\n<!-- \/ Yoast SEO plugin. -->","_links":{"self":[{"href":"https:\/\/mezzanines.ch\/de\/wp-json\/wp\/v2\/pages\/543\/"}],"collection":[{"href":"https:\/\/mezzanines.ch\/de\/wp-json\/wp\/v2\/pages\/"}],"about":[{"href":"https:\/\/mezzanines.ch\/de\/wp-json\/wp\/v2\/types\/page\/"}],"author":[{"embeddable":true,"href":"https:\/\/mezzanines.ch\/de\/wp-json\/wp\/v2\/users\/1\/"}],"replies":[{"embeddable":true,"href":"https:\/\/mezzanines.ch\/de\/wp-json\/wp\/v2\/comments\/?post=543"}],"version-history":[{"count":4,"href":"https:\/\/mezzanines.ch\/de\/wp-json\/wp\/v2\/pages\/543\/revisions\/"}],"predecessor-version":[{"id":593,"href":"https:\/\/mezzanines.ch\/de\/wp-json\/wp\/v2\/pages\/543\/revisions\/593\/"}],"wp:attachment":[{"href":"https:\/\/mezzanines.ch\/de\/wp-json\/wp\/v2\/media\/?parent=543"}],"curies":[{"name":"wp","href":"https:\/\/api.w.org\/{rel}","templated":true}]}}